{"id":3099,"date":"2024-12-28T01:58:51","date_gmt":"2024-12-28T01:58:51","guid":{"rendered":"https:\/\/orangecorp.mx\/egregor.io\/?page_id=3099"},"modified":"2025-01-22T22:56:06","modified_gmt":"2025-01-22T22:56:06","slug":"terminos-y-condiciones","status":"publish","type":"page","link":"https:\/\/orangecorp.mx\/egregor.io\/terminos-y-condiciones\/","title":{"rendered":"T\u00c9RMINOS Y CONDICIONES"},"content":{"rendered":"\t\t<div data-elementor-type=\"wp-page\" data-elementor-id=\"3099\" class=\"elementor elementor-3099\">\n\t\t\t\t<div class=\"elementor-element elementor-element-be87c78 e-con-full e-flex e-con e-parent\" data-id=\"be87c78\" data-element_type=\"container\" data-settings=\"{&quot;background_background&quot;:&quot;classic&quot;,&quot;tc_container_hover_selector&quot;:&quot;container&quot;,&quot;tc_container_background_parallax&quot;:&quot;no&quot;,&quot;tcg_advanced_hover&quot;:&quot;no&quot;,&quot;tc_dark_mode_responsive_hide_in_dark&quot;:&quot;no&quot;,&quot;tc_dark_mode_responsive_hide_in_light&quot;:&quot;no&quot;}\">\n\t\t<div class=\"elementor-element elementor-element-1eb7278 e-flex e-con-boxed e-con e-child\" data-id=\"1eb7278\" data-element_type=\"container\" data-settings=\"{&quot;tc_container_hover_selector&quot;:&quot;container&quot;,&quot;tc_container_background_parallax&quot;:&quot;no&quot;,&quot;tcg_advanced_hover&quot;:&quot;no&quot;,&quot;tc_dark_mode_responsive_hide_in_dark&quot;:&quot;no&quot;,&quot;tc_dark_mode_responsive_hide_in_light&quot;:&quot;no&quot;}\">\n\t\t\t\t\t<div class=\"e-con-inner\">\n\t\t<div class=\"elementor-element elementor-element-a61d920 e-con-full e-flex e-con e-child\" data-id=\"a61d920\" data-element_type=\"container\" data-settings=\"{&quot;tc_container_hover_selector&quot;:&quot;container&quot;,&quot;tc_container_background_parallax&quot;:&quot;no&quot;,&quot;tcg_advanced_hover&quot;:&quot;no&quot;,&quot;tc_dark_mode_responsive_hide_in_dark&quot;:&quot;no&quot;,&quot;tc_dark_mode_responsive_hide_in_light&quot;:&quot;no&quot;}\">\n\t\t<div class=\"elementor-element elementor-element-b9f1c60 e-con-full e-flex e-con e-child\" data-id=\"b9f1c60\" data-element_type=\"container\" data-settings=\"{&quot;tc_container_hover_selector&quot;:&quot;container&quot;,&quot;tc_container_background_parallax&quot;:&quot;no&quot;,&quot;tcg_advanced_hover&quot;:&quot;no&quot;,&quot;tc_dark_mode_responsive_hide_in_dark&quot;:&quot;no&quot;,&quot;tc_dark_mode_responsive_hide_in_light&quot;:&quot;no&quot;}\">\n\t\t\t\t<div class=\"elementor-element elementor-element-b54f9b5 elementor-widget elementor-widget-webfolio-heading\" data-id=\"b54f9b5\" data-element_type=\"widget\" data-settings=\"{&quot;tc_dark_mode_responsive_hide_in_dark&quot;:&quot;no&quot;,&quot;tc_dark_mode_responsive_hide_in_light&quot;:&quot;no&quot;}\" data-widget_type=\"webfolio-heading.default\">\n\t\t\t\t<div class=\"elementor-widget-container\">\n\t\t\t\t\t        <div class=\"webfolio-heading-text\">\r\n            <h2 class=\"webfolio-heading elementor-size-default \">T\u00e9rminos y Condiciones<\/h2>        <\/div>\r\n\r\n        \t\t\t\t<\/div>\n\t\t\t\t<\/div>\n\t\t\t\t<\/div>\n\t\t\t\t<\/div>\n\t\t\t\t\t<\/div>\n\t\t\t\t<\/div>\n\t\t<div class=\"elementor-element elementor-element-27e9ce5 e-con-full e-flex e-con e-child\" data-id=\"27e9ce5\" data-element_type=\"container\" data-settings=\"{&quot;background_background&quot;:&quot;gradient&quot;,&quot;position&quot;:&quot;absolute&quot;,&quot;tc_container_hover_selector&quot;:&quot;container&quot;,&quot;tc_container_background_parallax&quot;:&quot;no&quot;,&quot;tcg_advanced_hover&quot;:&quot;no&quot;,&quot;tc_dark_mode_responsive_hide_in_dark&quot;:&quot;no&quot;,&quot;tc_dark_mode_responsive_hide_in_light&quot;:&quot;no&quot;}\">\n\t\t\t\t<\/div>\n\t\t\t\t<\/div>\n\t\t<div class=\"elementor-element elementor-element-6774478 e-flex e-con-boxed e-con e-parent\" data-id=\"6774478\" data-element_type=\"container\" data-settings=\"{&quot;tc_container_hover_selector&quot;:&quot;container&quot;,&quot;tc_container_background_parallax&quot;:&quot;no&quot;,&quot;tcg_advanced_hover&quot;:&quot;no&quot;,&quot;tc_dark_mode_responsive_hide_in_dark&quot;:&quot;no&quot;,&quot;tc_dark_mode_responsive_hide_in_light&quot;:&quot;no&quot;}\">\n\t\t\t\t\t<div class=\"e-con-inner\">\n\t\t\t\t<div class=\"elementor-element elementor-element-51eacb6 elementor-widget elementor-widget-text-editor\" data-id=\"51eacb6\" data-element_type=\"widget\" data-settings=\"{&quot;tc_dark_mode_responsive_hide_in_dark&quot;:&quot;no&quot;,&quot;tc_dark_mode_responsive_hide_in_light&quot;:&quot;no&quot;}\" data-widget_type=\"text-editor.default\">\n\t\t\t\t<div class=\"elementor-widget-container\">\n\t\t\t\t\t\t\t\t\t<p>Este Acuerdo de T\u00e9rminos y Condiciones (&#8220;Acuerdo&#8221;) se celebra entre E GLOBALIZING TALENT, S.A. DE C.V., mejor conocido como <strong>EGREGOR<\/strong>, con domicilio en Ignacio Carrillo n\u00famero 1273-A7, Colonia Jardines de Plaza del Sol, C.P. 44510, en Guadalajara, Jalisco (&#8220;Egregor&#8221;), y el Cliente, siendo Cliente todo aquel que interact\u00fae de forma digital o personal a trav\u00e9s de medios electr\u00f3nicos y f\u00edsicos con Egregor.<\/p><p>\u00daltima actualizaci\u00f3n: 21\/01\/2025<\/p><p><strong>Aceptaci\u00f3n de los T\u00e9rminos<\/strong><\/p><p>Al utilizar los productos y\/o servicios ofrecidos por Egregor, el Cliente acepta y se compromete a cumplir con los t\u00e9rminos y condiciones establecidos en este Acuerdo. Si el Cliente no est\u00e1 de acuerdo con estos t\u00e9rminos, deber\u00e1 abstenerse de utilizar los productos y\/o servicios proporcionados por Egregor.<\/p><p><strong>Productos y Servicios<\/strong><\/p><p>Egregor se compromete a proporcionar los productos y\/o servicios acordados seg\u00fan lo estipulado en los contratos y acuerdos espec\u00edficos entre Egregor y el Cliente. El Cliente acepta que los productos y\/o servicios podr\u00e1n estar sujetos a cambios y mejoras por parte de Egregor.<\/p><p>Todos los programas se pausan durante Semana Santa y las \u00faltimas dos semanas de diciembre, sin excepci\u00f3n.<\/p><p><strong>Responsabilidad de Egregor<\/strong><\/p><p>Egregor se compromete a proporcionar productos y\/o servicios de alta calidad y a cumplir con todas las leyes y regulaciones aplicables en M\u00e9xico. Egregor se esforzar\u00e1 por garantizar la disponibilidad continua de sus productos y\/o servicios, pero no garantiza que estar\u00e1n libres de interrupciones o errores.<\/p><p><strong>Responsabilidad del Cliente<\/strong><\/p><p>El Cliente se compromete a utilizar los productos y\/o servicios de Egregor de manera adecuada y de acuerdo con las instrucciones proporcionadas por Egregor. El Cliente es responsable de mantener la confidencialidad de sus credenciales de acceso y de cualquier informaci\u00f3n confidencial proporcionada por Egregor.<\/p><p><strong>Registro y Cuentas del Cliente<\/strong><\/p><p>Para acceder a los productos y\/o servicios de Egregor, puede que se necesite crear una cuenta, por lo que, el Cliente se compromete a proporcionar informaci\u00f3n precisa y completa durante el proceso de registro. Adem\u00e1s, es responsable de mantener la confidencialidad de su cuenta y contrase\u00f1a, y de todas las actividades que ocurran bajo la misma.<\/p><p>El Cliente asume la responsabilidad de todas las acciones realizadas en la aplicaci\u00f3n a trav\u00e9s de su cuenta, incluyendo aquellas generadas por la p\u00e9rdida o robo de informaci\u00f3n de acceso, y liberar\u00e1 a Egregor de cualquier responsabilidad derivada de la utilizaci\u00f3n indebida o de la divulgaci\u00f3n de su contrase\u00f1a.<\/p><p>Si el Cliente sospecha que alguien ha obtenido acceso no autorizado a su cuenta, debe notificarlo de inmediato a Egregor.<\/p><p><strong>Pagos y Facturaci\u00f3n<\/strong><\/p><p>El Cliente acuerda pagar a Egregor los montos acordados en los t\u00e9rminos de pago establecidos en los contratos y acuerdos espec\u00edficos. Egregor proporcionar\u00e1 facturas y registros de pagos correspondientes al Cliente de acuerdo con las leyes fiscales aplicables en M\u00e9xico.\u00a0Egregor no brinda devoluciones\u00a0en ninguno de sus productos y\/o servicios.<\/p><p><strong>Propiedad Intelectual<\/strong><\/p><p>El Cliente reconoce que todos los derechos de propiedad intelectual relacionados con los productos y\/o servicios proporcionados por Egregor incluidos, pero no limitados a textos, im\u00e1genes, videos, logotipos, y materiales educativos son propiedad exclusiva de Egregor. El Cliente no adquiere ning\u00fan derecho de propiedad sobre dichos productos y\/o servicios, por lo que est\u00e1 estrictamente prohibido reproducir, distribuir o licenciar la misma, modificar o crear obras derivadas.<\/p><p>Para el caso de que el Cliente, sus filiales, o cualquiera\u00a0 de sus respectivos empleados, funcionarios, administradores, asesores, asociados, socios, representantes, comisarios, subcontratistas, abogados, consultores o personas allegadas, incumpla con su obligaci\u00f3n de confidencialidad y no divulgaci\u00f3n y divulgue parcial o totalmente la informaci\u00f3n confidencial, pagar\u00e1 a Egregor una pena convencional de 500,000.00 USD; esto sin perjuicio de las dem\u00e1s acciones legales que procedan, por la violaci\u00f3n a los derechos de propiedad intelectual o industrial, incluyendo el delito de revelaci\u00f3n de secretos contemplado en los art\u00edculos 210, 211, 211 BIS y dem\u00e1s relativos del C\u00f3digo Penal Federal y de sus correlativos los dem\u00e1s estados de M\u00e9xico.<\/p><p><strong>Limitaci\u00f3n de Responsabilidad<\/strong><\/p><p>El Cliente ser\u00e1 responsable de los da\u00f1os y perjuicios, causados a Egregor o terceros derivados del incumplimiento del presente, en cuyo caso se compromete a sacar a Egregor, sus filiales, subsidiarias, empleados, funcionarios y accionistas en paz y a salvo de cualquier responsabilidad que pudiera imput\u00e1rseles atribuible a conductas u omisiones del Cliente.<\/p><p><strong>Terminaci\u00f3n<\/strong><\/p><p>Egregor puede suspender o finalizar el servicio o producto en cualquier momento, sin previo aviso, si se incumplen estos t\u00e9rminos y condiciones o por cualquier otro motivo a discreci\u00f3n de Egregor.<\/p><p><strong>Resoluci\u00f3n de Conflictos<\/strong><\/p><p>Cualquier disputa o reclamaci\u00f3n relacionada con este Acuerdo se resolver\u00e1 mediante negociaciones de buena fe entre las partes. Si las negociaciones no llegan a un acuerdo, las partes acuerdan someterse a la jurisdicci\u00f3n de los tribunales competentes de M\u00e9xico en el estado de Jalisco en la ciudad de Guadalajara.<\/p><p><strong>Pol\u00edtica de Privacidad<\/strong><\/p><p>La protecci\u00f3n de tu privacidad es importante para nosotros. Consulta nuestro Aviso de Privacidad para obtener informaci\u00f3n sobre c\u00f3mo recopilamos, usamos y protegemos tu informaci\u00f3n personal.<\/p><p><strong>Modificaciones al Acuerdo<\/strong><\/p><p>Egregor se reserva el derecho de modificar este Acuerdo en cualquier momento de forma unilateral. Las modificaciones se har\u00e1n efectivas mediante notificaci\u00f3n al Cliente mediante la p\u00e1gina web de Egregor. El Cliente acepta que el uso continuado de los productos y\/o servicios de Egregor despu\u00e9s de la notificaci\u00f3n de cambios constituir\u00e1 su aceptaci\u00f3n de estos.<\/p><p><strong>Medios de contacto<\/strong><\/p><p>Dudas sobre el presente Acuerdo, deber\u00e1n ser enviadas al siguiente correo electr\u00f3nico: <a href=\"mailto:customerhappiness@egregor.io\">customerhappiness@egregor.io<\/a><\/p><p><strong>Disposiciones generales<\/strong><\/p><ul><li>T\u00edtulos: los t\u00edtulos o encabezados utilizados en los presentes son para referencia y no limitan ni afectan el alcance o interpretaci\u00f3n de las disposiciones de estas.<\/li><li>Divisibilidad: si cualquiera de las disposiciones del Acuerdo es declarada ilegal, inv\u00e1lida, o inexigible, dicha disposici\u00f3n ser\u00e1 considerada como independiente del resto, y las dem\u00e1s disposiciones contenidas mantendr\u00e1n todos sus efectos.<\/li><\/ul><p>Este Acuerdo de T\u00e9rminos y Condiciones refleja el entendimiento completo entre E GLOBALIZING TALENT, S.A. DE C.V. y el Cliente y reemplaza cualquier acuerdo previo o contempor\u00e1neo, ya sea escrito o verbal, relacionado con los productos y servicios proporcionados por Egregor.<\/p><p><strong>E GLOBALIZING TALENT, S.A. DE C.V.<\/strong><\/p><p><!-- \/wp:paragraph --><\/p>\t\t\t\t\t\t\t\t<\/div>\n\t\t\t\t<\/div>\n\t\t\t\t<div class=\"elementor-element elementor-element-1bce465 elementor-widget elementor-widget-spacer\" data-id=\"1bce465\" data-element_type=\"widget\" data-settings=\"{&quot;tc_dark_mode_responsive_hide_in_dark&quot;:&quot;no&quot;,&quot;tc_dark_mode_responsive_hide_in_light&quot;:&quot;no&quot;}\" data-widget_type=\"spacer.default\">\n\t\t\t\t<div class=\"elementor-widget-container\">\n\t\t\t\t\t\t\t<div class=\"elementor-spacer\">\n\t\t\t<div class=\"elementor-spacer-inner\"><\/div>\n\t\t<\/div>\n\t\t\t\t\t\t<\/div>\n\t\t\t\t<\/div>\n\t\t\t\t\t<\/div>\n\t\t\t\t<\/div>\n\t\t\t\t<\/div>\n\t\t","protected":false},"excerpt":{"rendered":"<p>T\u00e9rminos y Condiciones Este Acuerdo de T\u00e9rminos y Condiciones (&#8220;Acuerdo&#8221;) se celebra entre E GLOBALIZING TALENT, S.A. DE C.V., mejor conocido como EGREGOR, con domicilio en Ignacio Carrillo n\u00famero 1273-A7, Colonia Jardines de Plaza del Sol, C.P. 44510, en Guadalajara, Jalisco (&#8220;Egregor&#8221;), y el Cliente, siendo Cliente todo aquel que interact\u00fae de forma digital o personal a trav\u00e9s de medios &hellip;<\/p>\n","protected":false},"author":1,"featured_media":0,"parent":0,"menu_order":0,"comment_status":"closed","ping_status":"closed","template":"blank-builder.php","meta":{"footnotes":""},"class_list":["post-3099","page","type-page","status-publish","hentry"],"_links":{"self":[{"href":"https:\/\/orangecorp.mx\/egregor.io\/wp-json\/wp\/v2\/pages\/3099","targetHints":{"allow":["GET"]}}],"collection":[{"href":"https:\/\/orangecorp.mx\/egregor.io\/wp-json\/wp\/v2\/pages"}],"about":[{"href":"https:\/\/orangecorp.mx\/egregor.io\/wp-json\/wp\/v2\/types\/page"}],"author":[{"embeddable":true,"href":"https:\/\/orangecorp.mx\/egregor.io\/wp-json\/wp\/v2\/users\/1"}],"replies":[{"embeddable":true,"href":"https:\/\/orangecorp.mx\/egregor.io\/wp-json\/wp\/v2\/comments?post=3099"}],"version-history":[{"count":13,"href":"https:\/\/orangecorp.mx\/egregor.io\/wp-json\/wp\/v2\/pages\/3099\/revisions"}],"predecessor-version":[{"id":5465,"href":"https:\/\/orangecorp.mx\/egregor.io\/wp-json\/wp\/v2\/pages\/3099\/revisions\/5465"}],"wp:attachment":[{"href":"https:\/\/orangecorp.mx\/egregor.io\/wp-json\/wp\/v2\/media?parent=3099"}],"curies":[{"name":"wp","href":"https:\/\/api.w.org\/{rel}","templated":true}]}}