{"id":860,"date":"2024-01-22T12:47:03","date_gmt":"2024-01-22T12:47:03","guid":{"rendered":"https:\/\/webfolio1.themescamp.com\/inner-pages\/?page_id=860"},"modified":"2025-02-01T02:54:51","modified_gmt":"2025-02-01T02:54:51","slug":"noticias","status":"publish","type":"page","link":"https:\/\/orangecorp.mx\/egregor.io\/noticias\/","title":{"rendered":"NOTICIAS"},"content":{"rendered":"\t\t<div data-elementor-type=\"wp-page\" data-elementor-id=\"860\" class=\"elementor elementor-860\">\n\t\t\t\t<div class=\"elementor-element elementor-element-e96c769 e-con-full e-flex e-con e-parent\" data-id=\"e96c769\" data-element_type=\"container\" data-settings=\"{&quot;background_background&quot;:&quot;classic&quot;,&quot;tc_container_hover_selector&quot;:&quot;container&quot;,&quot;tc_container_background_parallax&quot;:&quot;no&quot;,&quot;tcg_advanced_hover&quot;:&quot;no&quot;,&quot;tc_dark_mode_responsive_hide_in_dark&quot;:&quot;no&quot;,&quot;tc_dark_mode_responsive_hide_in_light&quot;:&quot;no&quot;}\">\n\t\t<div class=\"elementor-element elementor-element-a937435 e-flex e-con-boxed e-con e-child\" data-id=\"a937435\" data-element_type=\"container\" data-settings=\"{&quot;tc_container_hover_selector&quot;:&quot;container&quot;,&quot;tc_container_background_parallax&quot;:&quot;no&quot;,&quot;tcg_advanced_hover&quot;:&quot;no&quot;,&quot;tc_dark_mode_responsive_hide_in_dark&quot;:&quot;no&quot;,&quot;tc_dark_mode_responsive_hide_in_light&quot;:&quot;no&quot;}\">\n\t\t\t\t\t<div class=\"e-con-inner\">\n\t\t<div class=\"elementor-element elementor-element-bf7239f e-con-full e-flex e-con e-child\" data-id=\"bf7239f\" data-element_type=\"container\" data-settings=\"{&quot;tc_container_hover_selector&quot;:&quot;container&quot;,&quot;tc_container_background_parallax&quot;:&quot;no&quot;,&quot;tcg_advanced_hover&quot;:&quot;no&quot;,&quot;tc_dark_mode_responsive_hide_in_dark&quot;:&quot;no&quot;,&quot;tc_dark_mode_responsive_hide_in_light&quot;:&quot;no&quot;}\">\n\t\t<div class=\"elementor-element elementor-element-51f8a08 e-con-full e-flex e-con e-child\" data-id=\"51f8a08\" data-element_type=\"container\" data-settings=\"{&quot;tc_container_hover_selector&quot;:&quot;container&quot;,&quot;tc_container_background_parallax&quot;:&quot;no&quot;,&quot;tcg_advanced_hover&quot;:&quot;no&quot;,&quot;tc_dark_mode_responsive_hide_in_dark&quot;:&quot;no&quot;,&quot;tc_dark_mode_responsive_hide_in_light&quot;:&quot;no&quot;}\">\n\t\t\t\t<div class=\"elementor-element elementor-element-7f574f2 elementor-widget elementor-widget-webfolio-heading\" data-id=\"7f574f2\" data-element_type=\"widget\" data-settings=\"{&quot;tc_dark_mode_responsive_hide_in_dark&quot;:&quot;no&quot;,&quot;tc_dark_mode_responsive_hide_in_light&quot;:&quot;no&quot;}\" data-widget_type=\"webfolio-heading.default\">\n\t\t\t\t<div class=\"elementor-widget-container\">\n\t\t\t\t\t        <div class=\"webfolio-heading-text\">\r\n            <h2 class=\"webfolio-heading elementor-size-default \">NOTICIAS<\/h2>        <\/div>\r\n\r\n        \t\t\t\t<\/div>\n\t\t\t\t<\/div>\n\t\t\t\t<\/div>\n\t\t\t\t<\/div>\n\t\t\t\t\t<\/div>\n\t\t\t\t<\/div>\n\t\t<div class=\"elementor-element elementor-element-27e4981 e-con-full e-flex e-con e-child\" data-id=\"27e4981\" data-element_type=\"container\" data-settings=\"{&quot;background_background&quot;:&quot;gradient&quot;,&quot;position&quot;:&quot;absolute&quot;,&quot;tc_container_hover_selector&quot;:&quot;container&quot;,&quot;tc_container_background_parallax&quot;:&quot;no&quot;,&quot;tcg_advanced_hover&quot;:&quot;no&quot;,&quot;tc_dark_mode_responsive_hide_in_dark&quot;:&quot;no&quot;,&quot;tc_dark_mode_responsive_hide_in_light&quot;:&quot;no&quot;}\">\n\t\t\t\t<\/div>\n\t\t\t\t<\/div>\n\t\t<div class=\"elementor-element elementor-element-fce090f e-con-full e-flex e-con e-parent\" data-id=\"fce090f\" data-element_type=\"container\" data-settings=\"{&quot;background_background&quot;:&quot;classic&quot;,&quot;tc_container_hover_selector&quot;:&quot;container&quot;,&quot;tc_container_background_parallax&quot;:&quot;no&quot;,&quot;tcg_advanced_hover&quot;:&quot;no&quot;,&quot;tc_dark_mode_responsive_hide_in_dark&quot;:&quot;no&quot;,&quot;tc_dark_mode_responsive_hide_in_light&quot;:&quot;no&quot;}\">\n\t\t<div class=\"elementor-element elementor-element-f18c6b5 e-flex e-con-boxed e-con e-child\" data-id=\"f18c6b5\" data-element_type=\"container\" data-settings=\"{&quot;tc_container_hover_selector&quot;:&quot;container&quot;,&quot;tc_container_background_parallax&quot;:&quot;no&quot;,&quot;tcg_advanced_hover&quot;:&quot;no&quot;,&quot;tc_dark_mode_responsive_hide_in_dark&quot;:&quot;no&quot;,&quot;tc_dark_mode_responsive_hide_in_light&quot;:&quot;no&quot;}\">\n\t\t\t\t\t<div class=\"e-con-inner\">\n\t\t<div class=\"elementor-element elementor-element-eefc534 e-con-full e-flex e-con e-child\" data-id=\"eefc534\" data-element_type=\"container\" data-settings=\"{&quot;tc_container_hover_selector&quot;:&quot;container&quot;,&quot;tc_container_background_parallax&quot;:&quot;no&quot;,&quot;tcg_advanced_hover&quot;:&quot;no&quot;,&quot;tc_dark_mode_responsive_hide_in_dark&quot;:&quot;no&quot;,&quot;tc_dark_mode_responsive_hide_in_light&quot;:&quot;no&quot;}\">\n\t\t<div class=\"elementor-element elementor-element-808c733 e-con-full e-flex e-con e-child\" data-id=\"808c733\" data-element_type=\"container\" data-settings=\"{&quot;tc_container_hover_selector&quot;:&quot;container&quot;,&quot;tc_container_background_parallax&quot;:&quot;no&quot;,&quot;tcg_advanced_hover&quot;:&quot;no&quot;,&quot;tc_dark_mode_responsive_hide_in_dark&quot;:&quot;no&quot;,&quot;tc_dark_mode_responsive_hide_in_light&quot;:&quot;no&quot;}\">\n\t\t\t\t<div class=\"elementor-element elementor-element-c8ab164 elementor-widget elementor-widget-webfolio-blog-classic\" data-id=\"c8ab164\" data-element_type=\"widget\" data-settings=\"{&quot;tc_dark_mode_responsive_hide_in_dark&quot;:&quot;no&quot;,&quot;tc_dark_mode_responsive_hide_in_light&quot;:&quot;no&quot;}\" data-widget_type=\"webfolio-blog-classic.default\">\n\t\t\t\t<div class=\"elementor-widget-container\">\n\t\t\t\t\t        <div class=\"webfolio-blog-classic\">\r\n                       <div class=\"item\">\r\n                <div class=\"img\">\r\n                    <img decoding=\"async\" src=\"https:\/\/orangecorp.mx\/egregor.io\/wp-content\/uploads\/2024\/12\/blo01.webp\" alt=\"\">\r\n                <\/div>\r\n                <div class=\"cont\">\r\n                    <div class=\"date-comment d-flex align-items-center\">\r\n                        <div class=\"post-date\">28 December 2024<\/div>\r\n                        <div class=\"comment\"><svg xmlns=\"http:\/\/www.w3.org\/2000\/svg\" xmlns:xlink=\"http:\/\/www.w3.org\/1999\/xlink\" width=\"17\" height=\"17\" viewBox=\"0 0 17 17\"><g><\/g><path d=\"M15.5 0h-14c-0.827 0-1.5 0.673-1.5 1.5v10c0 0.827 0.673 1.5 1.5 1.5h0.5v4.102l4.688-4.102h8.812c0.827 0 1.5-0.673 1.5-1.5v-10c0-0.827-0.673-1.5-1.5-1.5zM16 11.5c0 0.275-0.224 0.5-0.5 0.5h-9.188l-3.312 2.898v-2.898h-1.5c-0.276 0-0.5-0.225-0.5-0.5v-10c0-0.275 0.224-0.5 0.5-0.5h14c0.276 0 0.5 0.225 0.5 0.5v10zM3 3h11v1h-11v-1zM3 5h11v1h-11v-1zM3 7h6v1h-6v-1z\"><\/path><\/svg> 0 Comentarios<\/div>\r\n                    <\/div>\r\n                    <h4 class=\"title\">\r\n                        <a href=\"https:\/\/orangecorp.mx\/egregor.io\/2024\/12\/28\/como-aprender-ingles-de-negocios-estrategias-efectivas-para-el-mundo-profesional\/\">C\u00f3mo Aprender Ingl\u00e9s de Negocios: Estrategias Efectivas para el Mundo Profesional<\/a>\r\n                    <\/h4>\r\n                    <p class=\"excerpt\">El ingl\u00e9s de negocios es una herramienta indispensable para quienes desean expandir su carrera profesional en el \u00e1mbito global.<\/p>\r\n                    <a href=\"https:\/\/orangecorp.mx\/egregor.io\/2024\/12\/28\/como-aprender-ingles-de-negocios-estrategias-efectivas-para-el-mundo-profesional\/\" class=\"d-flex align-items-center r-more\">\r\n                        Leer m\u00e1s                        <svg xmlns=\"http:\/\/www.w3.org\/2000\/svg\" xmlns:xlink=\"http:\/\/www.w3.org\/1999\/xlink\" width=\"17\" height=\"17\" viewBox=\"0 0 17 17\"><g><\/g><path d=\"M16 0.997v9.003h-1v-7.297l-10.317 10.297-0.707-0.708 10.315-10.295h-7.316v-1h9.025z\"><\/path><\/svg>                    <\/a>\r\n                <\/div>\r\n            <\/div>\r\n                       <div class=\"item\">\r\n                <div class=\"img\">\r\n                    <img decoding=\"async\" src=\"https:\/\/orangecorp.mx\/egregor.io\/wp-content\/uploads\/2024\/12\/blo02.webp\" alt=\"\">\r\n                <\/div>\r\n                <div class=\"cont\">\r\n                    <div class=\"date-comment d-flex align-items-center\">\r\n                        <div class=\"post-date\">28 December 2024<\/div>\r\n                        <div class=\"comment\"><svg xmlns=\"http:\/\/www.w3.org\/2000\/svg\" xmlns:xlink=\"http:\/\/www.w3.org\/1999\/xlink\" width=\"17\" height=\"17\" viewBox=\"0 0 17 17\"><g><\/g><path d=\"M15.5 0h-14c-0.827 0-1.5 0.673-1.5 1.5v10c0 0.827 0.673 1.5 1.5 1.5h0.5v4.102l4.688-4.102h8.812c0.827 0 1.5-0.673 1.5-1.5v-10c0-0.827-0.673-1.5-1.5-1.5zM16 11.5c0 0.275-0.224 0.5-0.5 0.5h-9.188l-3.312 2.898v-2.898h-1.5c-0.276 0-0.5-0.225-0.5-0.5v-10c0-0.275 0.224-0.5 0.5-0.5h14c0.276 0 0.5 0.225 0.5 0.5v10zM3 3h11v1h-11v-1zM3 5h11v1h-11v-1zM3 7h6v1h-6v-1z\"><\/path><\/svg> 0 Comentarios<\/div>\r\n                    <\/div>\r\n                    <h4 class=\"title\">\r\n                        <a href=\"https:\/\/orangecorp.mx\/egregor.io\/2024\/12\/28\/exploring-diagnostic-surgery-unveiling-the-unknown\/\">Exploring Diagnostic Surgery:\u00a0Unveiling the Unknown<\/a>\r\n                    <\/h4>\r\n                    <p class=\"excerpt\">In the vast landscape of modern medicine, diagnostic surgery plays a crucial role in uncovering hidden conditions and guiding treatment decisions. Unlike therapeutic surgeries, which are performed to treat or correct a condition, diagnostic surgeries are primarily focused on discovering the nature and extent of diseases. This article delves into the world of diagnostic surgery, explaining its importance, types, and &hellip;<\/p>\r\n                    <a href=\"https:\/\/orangecorp.mx\/egregor.io\/2024\/12\/28\/exploring-diagnostic-surgery-unveiling-the-unknown\/\" class=\"d-flex align-items-center r-more\">\r\n                        Leer m\u00e1s                        <svg xmlns=\"http:\/\/www.w3.org\/2000\/svg\" xmlns:xlink=\"http:\/\/www.w3.org\/1999\/xlink\" width=\"17\" height=\"17\" viewBox=\"0 0 17 17\"><g><\/g><path d=\"M16 0.997v9.003h-1v-7.297l-10.317 10.297-0.707-0.708 10.315-10.295h-7.316v-1h9.025z\"><\/path><\/svg>                    <\/a>\r\n                <\/div>\r\n            <\/div>\r\n                       <div class=\"item\">\r\n                <div class=\"img\">\r\n                    <img decoding=\"async\" src=\"https:\/\/orangecorp.mx\/egregor.io\/wp-content\/uploads\/2024\/12\/blo03.webp\" alt=\"\">\r\n                <\/div>\r\n                <div class=\"cont\">\r\n                    <div class=\"date-comment d-flex align-items-center\">\r\n                        <div class=\"post-date\">28 December 2024<\/div>\r\n                        <div class=\"comment\"><svg xmlns=\"http:\/\/www.w3.org\/2000\/svg\" xmlns:xlink=\"http:\/\/www.w3.org\/1999\/xlink\" width=\"17\" height=\"17\" viewBox=\"0 0 17 17\"><g><\/g><path d=\"M15.5 0h-14c-0.827 0-1.5 0.673-1.5 1.5v10c0 0.827 0.673 1.5 1.5 1.5h0.5v4.102l4.688-4.102h8.812c0.827 0 1.5-0.673 1.5-1.5v-10c0-0.827-0.673-1.5-1.5-1.5zM16 11.5c0 0.275-0.224 0.5-0.5 0.5h-9.188l-3.312 2.898v-2.898h-1.5c-0.276 0-0.5-0.225-0.5-0.5v-10c0-0.275 0.224-0.5 0.5-0.5h14c0.276 0 0.5 0.225 0.5 0.5v10zM3 3h11v1h-11v-1zM3 5h11v1h-11v-1zM3 7h6v1h-6v-1z\"><\/path><\/svg> 0 Comentarios<\/div>\r\n                    <\/div>\r\n                    <h4 class=\"title\">\r\n                        <a href=\"https:\/\/orangecorp.mx\/egregor.io\/2024\/12\/28\/the-power-of-branding-crafting-identity-and-driving-loyalty\/\">The Power of Branding: Crafting Identity and Driving Loyalty<\/a>\r\n                    <\/h4>\r\n                    <p class=\"excerpt\">In the dynamic world of marketing, branding stands as the cornerstone of a company\u2019s identity and its relationship with consumers. Effective branding transcends mere logos and color schemes; it is about creating a resonant and consistent narrative that fosters trust and loyalty. As we delve into the intricacies of branding, we draw insights from leading marketers and seminal books that &hellip;<\/p>\r\n                    <a href=\"https:\/\/orangecorp.mx\/egregor.io\/2024\/12\/28\/the-power-of-branding-crafting-identity-and-driving-loyalty\/\" class=\"d-flex align-items-center r-more\">\r\n                        Leer m\u00e1s                        <svg xmlns=\"http:\/\/www.w3.org\/2000\/svg\" xmlns:xlink=\"http:\/\/www.w3.org\/1999\/xlink\" width=\"17\" height=\"17\" viewBox=\"0 0 17 17\"><g><\/g><path d=\"M16 0.997v9.003h-1v-7.297l-10.317 10.297-0.707-0.708 10.315-10.295h-7.316v-1h9.025z\"><\/path><\/svg>                    <\/a>\r\n                <\/div>\r\n            <\/div>\r\n                   <\/div>\r\n        \t\t\t\t<\/div>\n\t\t\t\t<\/div>\n\t\t\t\t<\/div>\n\t\t<div class=\"elementor-element elementor-element-8b6e101 e-con-full e-flex e-con e-child\" data-id=\"8b6e101\" data-element_type=\"container\" data-settings=\"{&quot;tc_container_hover_selector&quot;:&quot;container&quot;,&quot;tc_container_background_parallax&quot;:&quot;no&quot;,&quot;tcg_advanced_hover&quot;:&quot;no&quot;,&quot;tc_dark_mode_responsive_hide_in_dark&quot;:&quot;no&quot;,&quot;tc_dark_mode_responsive_hide_in_light&quot;:&quot;no&quot;}\">\n\t\t<div class=\"elementor-element elementor-element-b275b67 e-con-full e-flex e-con e-child\" data-id=\"b275b67\" data-element_type=\"container\" data-settings=\"{&quot;tc_container_hover_selector&quot;:&quot;container&quot;,&quot;tc_container_background_parallax&quot;:&quot;no&quot;,&quot;tcg_advanced_hover&quot;:&quot;no&quot;,&quot;tc_dark_mode_responsive_hide_in_dark&quot;:&quot;no&quot;,&quot;tc_dark_mode_responsive_hide_in_light&quot;:&quot;no&quot;}\">\n\t\t\t\t<div class=\"elementor-element elementor-element-1dbff48 elementor-widget elementor-widget-webfolio-heading\" data-id=\"1dbff48\" data-element_type=\"widget\" data-settings=\"{&quot;tc_dark_mode_responsive_hide_in_dark&quot;:&quot;no&quot;,&quot;tc_dark_mode_responsive_hide_in_light&quot;:&quot;no&quot;}\" data-widget_type=\"webfolio-heading.default\">\n\t\t\t\t<div class=\"elementor-widget-container\">\n\t\t\t\t\t        <div class=\"webfolio-heading-text\">\r\n            <h2 class=\"webfolio-heading elementor-size-default \">B\u00daSQUEDA<\/h2>        <\/div>\r\n\r\n        \t\t\t\t<\/div>\n\t\t\t\t<\/div>\n\t\t\t\t<div class=\"elementor-element elementor-element-e10303b elementor-widget elementor-widget-webfolio-search\" data-id=\"e10303b\" data-element_type=\"widget\" data-settings=\"{&quot;tc_dark_mode_responsive_hide_in_dark&quot;:&quot;no&quot;,&quot;tc_dark_mode_responsive_hide_in_light&quot;:&quot;no&quot;}\" data-widget_type=\"webfolio-search.default\">\n\t\t\t\t<div class=\"elementor-widget-container\">\n\t\t\t\t\t            <div class=\"webfolio-search-field\">\r\n                                <form role=\"search\" method=\"get\" id=\"search-form-1\" class=\"searchform\" action=\"https:\/\/orangecorp.mx\/egregor.io\/\">\r\n                    <input type=\"search\" placeholder=\"Buscar\" value=\"\" name=\"s\">\r\n                        <button type=\"submit\" class=\"searchsubmit right\">\r\n                            <i aria-hidden=\"true\" class=\"features-icon  pe-7s-search\"><\/i>                        <\/button>\r\n                <\/form>\r\n            <\/div>\r\n        \t\t\t\t<\/div>\n\t\t\t\t<\/div>\n\t\t\t\t<\/div>\n\t\t<div class=\"elementor-element elementor-element-377ca7e e-con-full e-flex e-con e-child\" data-id=\"377ca7e\" data-element_type=\"container\" data-settings=\"{&quot;tc_container_hover_selector&quot;:&quot;container&quot;,&quot;tc_container_background_parallax&quot;:&quot;no&quot;,&quot;tcg_advanced_hover&quot;:&quot;no&quot;,&quot;tc_dark_mode_responsive_hide_in_dark&quot;:&quot;no&quot;,&quot;tc_dark_mode_responsive_hide_in_light&quot;:&quot;no&quot;}\">\n\t\t\t\t<div class=\"elementor-element elementor-element-b52b1a9 elementor-widget elementor-widget-webfolio-heading\" data-id=\"b52b1a9\" data-element_type=\"widget\" data-settings=\"{&quot;tc_dark_mode_responsive_hide_in_dark&quot;:&quot;no&quot;,&quot;tc_dark_mode_responsive_hide_in_light&quot;:&quot;no&quot;}\" data-widget_type=\"webfolio-heading.default\">\n\t\t\t\t<div class=\"elementor-widget-container\">\n\t\t\t\t\t        <div class=\"webfolio-heading-text\">\r\n            <h2 class=\"webfolio-heading elementor-size-default \">CATEGOR\u00cdAS<\/h2>        <\/div>\r\n\r\n        \t\t\t\t<\/div>\n\t\t\t\t<\/div>\n\t\t\t\t<div class=\"elementor-element elementor-element-ee9e39e elementor-widget elementor-widget-webfolio-post-categories\" data-id=\"ee9e39e\" data-element_type=\"widget\" data-settings=\"{&quot;tc_dark_mode_responsive_hide_in_dark&quot;:&quot;no&quot;,&quot;tc_dark_mode_responsive_hide_in_light&quot;:&quot;no&quot;}\" data-widget_type=\"webfolio-post-categories.default\">\n\t\t\t\t<div class=\"elementor-widget-container\">\n\t\t\t\t\t        <div class=\"webfolio-post-categories\">\r\n            <ul class=\"rest\">\r\n                                                                        <li>\r\n                        <span><a class=\"category\" href=\"https:\/\/orangecorp.mx\/egregor.io\/category\/egregor\/\">Egregor<\/a><\/span>\r\n                                                <span class=\"count\">03<\/span>\r\n\r\n                    <\/li>\r\n                                                        <li>\r\n                        <span><a class=\"category\" href=\"https:\/\/orangecorp.mx\/egregor.io\/category\/medicine\/\">Medicine<\/a><\/span>\r\n                                                <span class=\"count\">01<\/span>\r\n\r\n                    <\/li>\r\n                                                        <li>\r\n                        <span><a class=\"category\" href=\"https:\/\/orangecorp.mx\/egregor.io\/category\/marketing\/\">Marketing<\/a><\/span>\r\n                                                <span class=\"count\">01<\/span>\r\n\r\n                    <\/li>\r\n                                            <\/ul>\r\n        <\/div>\r\n        \t\t\t\t<\/div>\n\t\t\t\t<\/div>\n\t\t\t\t<\/div>\n\t\t<div class=\"elementor-element elementor-element-889e332 e-con-full e-flex e-con e-child\" data-id=\"889e332\" data-element_type=\"container\" data-settings=\"{&quot;tc_container_hover_selector&quot;:&quot;container&quot;,&quot;tc_container_background_parallax&quot;:&quot;no&quot;,&quot;tcg_advanced_hover&quot;:&quot;no&quot;,&quot;tc_dark_mode_responsive_hide_in_dark&quot;:&quot;no&quot;,&quot;tc_dark_mode_responsive_hide_in_light&quot;:&quot;no&quot;}\">\n\t\t\t\t<div class=\"elementor-element elementor-element-4513497 elementor-widget elementor-widget-webfolio-heading\" data-id=\"4513497\" data-element_type=\"widget\" data-settings=\"{&quot;tc_dark_mode_responsive_hide_in_dark&quot;:&quot;no&quot;,&quot;tc_dark_mode_responsive_hide_in_light&quot;:&quot;no&quot;}\" data-widget_type=\"webfolio-heading.default\">\n\t\t\t\t<div class=\"elementor-widget-container\">\n\t\t\t\t\t        <div class=\"webfolio-heading-text\">\r\n            <h2 class=\"webfolio-heading elementor-size-default \">ETIQUETAS<\/h2>        <\/div>\r\n\r\n        \t\t\t\t<\/div>\n\t\t\t\t<\/div>\n\t\t\t\t<div class=\"elementor-element elementor-element-6ab4cf3 elementor-widget elementor-widget-webfolio-post-tags\" data-id=\"6ab4cf3\" data-element_type=\"widget\" data-settings=\"{&quot;tc_dark_mode_responsive_hide_in_dark&quot;:&quot;no&quot;,&quot;tc_dark_mode_responsive_hide_in_light&quot;:&quot;no&quot;}\" data-widget_type=\"webfolio-post-tags.default\">\n\t\t\t\t<div class=\"elementor-widget-container\">\n\t\t\t\t\t        <div class=\"webfolio-post-tags\">\r\n                                                <\/div>\r\n        \t\t\t\t<\/div>\n\t\t\t\t<\/div>\n\t\t\t\t<\/div>\n\t\t<div class=\"elementor-element elementor-element-890cc81 e-con-full e-flex e-con e-child\" data-id=\"890cc81\" data-element_type=\"container\" data-settings=\"{&quot;tc_container_hover_selector&quot;:&quot;container&quot;,&quot;tc_container_background_parallax&quot;:&quot;no&quot;,&quot;tcg_advanced_hover&quot;:&quot;no&quot;,&quot;tc_dark_mode_responsive_hide_in_dark&quot;:&quot;no&quot;,&quot;tc_dark_mode_responsive_hide_in_light&quot;:&quot;no&quot;}\">\n\t\t\t\t<div class=\"elementor-element elementor-element-05727a8 elementor-widget elementor-widget-webfolio-heading\" data-id=\"05727a8\" data-element_type=\"widget\" data-settings=\"{&quot;tc_dark_mode_responsive_hide_in_dark&quot;:&quot;no&quot;,&quot;tc_dark_mode_responsive_hide_in_light&quot;:&quot;no&quot;}\" data-widget_type=\"webfolio-heading.default\">\n\t\t\t\t<div class=\"elementor-widget-container\">\n\t\t\t\t\t        <div class=\"webfolio-heading-text\">\r\n            <h2 class=\"webfolio-heading elementor-size-default \">\u00daltimas publicaciones<\/h2>        <\/div>\r\n\r\n        \t\t\t\t<\/div>\n\t\t\t\t<\/div>\n\t\t\t\t<div class=\"elementor-element elementor-element-4048a20 elementor-widget elementor-widget-webfolio-latest-posts\" data-id=\"4048a20\" data-element_type=\"widget\" data-settings=\"{&quot;tc_dark_mode_responsive_hide_in_dark&quot;:&quot;no&quot;,&quot;tc_dark_mode_responsive_hide_in_light&quot;:&quot;no&quot;}\" data-widget_type=\"webfolio-latest-posts.default\">\n\t\t\t\t<div class=\"elementor-widget-container\">\n\t\t\t\t\t        <div class=\"webfolio-latest-posts\">\r\n                            <div class=\"item d-flex align-items-center\">\r\n                    <div>\r\n                        <div class=\"img\">\r\n                            <a href=\"https:\/\/orangecorp.mx\/egregor.io\/2024\/12\/28\/como-aprender-ingles-de-negocios-estrategias-efectivas-para-el-mundo-profesional\/\">\r\n                                <img decoding=\"async\" src=\"https:\/\/orangecorp.mx\/egregor.io\/wp-content\/uploads\/2024\/12\/blo01.webp\" alt=\"\">\r\n                                <span class=\"post-date\">\r\n                                    <span>28 \/ <br> Dec<\/span>\r\n                                <\/span>\r\n                            <\/a>\r\n                        <\/div>\r\n                    <\/div>\r\n                    <div class=\"cont\">\r\n                        <span class=\"categories\">\r\n                           <a href=\"https:\/\/orangecorp.mx\/egregor.io\/category\/egregor\/\">Egregor<\/a>                        <\/span>\r\n                        <h6 class=\"title\"><a href=\"https:\/\/orangecorp.mx\/egregor.io\/2024\/12\/28\/como-aprender-ingles-de-negocios-estrategias-efectivas-para-el-mundo-profesional\/\">C\u00f3mo Aprender Ingl\u00e9s de Negocios: Estrategias Efectivas para el Mundo Profesional<\/a><\/h6>\r\n                    <\/div>\r\n                <\/div>\r\n                            <div class=\"item d-flex align-items-center\">\r\n                    <div>\r\n                        <div class=\"img\">\r\n                            <a href=\"https:\/\/orangecorp.mx\/egregor.io\/2024\/12\/28\/exploring-diagnostic-surgery-unveiling-the-unknown\/\">\r\n                                <img decoding=\"async\" src=\"https:\/\/orangecorp.mx\/egregor.io\/wp-content\/uploads\/2024\/12\/blo02.webp\" alt=\"\">\r\n                                <span class=\"post-date\">\r\n                                    <span>28 \/ <br> Dec<\/span>\r\n                                <\/span>\r\n                            <\/a>\r\n                        <\/div>\r\n                    <\/div>\r\n                    <div class=\"cont\">\r\n                        <span class=\"categories\">\r\n                           <a href=\"https:\/\/orangecorp.mx\/egregor.io\/category\/egregor\/\">Egregor<\/a><a href=\"https:\/\/orangecorp.mx\/egregor.io\/category\/medicine\/\">Medicine<\/a>                        <\/span>\r\n                        <h6 class=\"title\"><a href=\"https:\/\/orangecorp.mx\/egregor.io\/2024\/12\/28\/exploring-diagnostic-surgery-unveiling-the-unknown\/\">Exploring Diagnostic Surgery:\u00a0Unveiling the Unknown<\/a><\/h6>\r\n                    <\/div>\r\n                <\/div>\r\n                            <div class=\"item d-flex align-items-center\">\r\n                    <div>\r\n                        <div class=\"img\">\r\n                            <a href=\"https:\/\/orangecorp.mx\/egregor.io\/2024\/12\/28\/the-power-of-branding-crafting-identity-and-driving-loyalty\/\">\r\n                                <img decoding=\"async\" src=\"https:\/\/orangecorp.mx\/egregor.io\/wp-content\/uploads\/2024\/12\/blo03.webp\" alt=\"\">\r\n                                <span class=\"post-date\">\r\n                                    <span>28 \/ <br> Dec<\/span>\r\n                                <\/span>\r\n                            <\/a>\r\n                        <\/div>\r\n                    <\/div>\r\n                    <div class=\"cont\">\r\n                        <span class=\"categories\">\r\n                           <a href=\"https:\/\/orangecorp.mx\/egregor.io\/category\/egregor\/\">Egregor<\/a><a href=\"https:\/\/orangecorp.mx\/egregor.io\/category\/marketing\/\">Marketing<\/a>                        <\/span>\r\n                        <h6 class=\"title\"><a href=\"https:\/\/orangecorp.mx\/egregor.io\/2024\/12\/28\/the-power-of-branding-crafting-identity-and-driving-loyalty\/\">The Power of Branding: Crafting Identity and Driving Loyalty<\/a><\/h6>\r\n                    <\/div>\r\n                <\/div>\r\n                    <\/div>\r\n        \t\t\t\t<\/div>\n\t\t\t\t<\/div>\n\t\t\t\t<\/div>\n\t\t\t\t<\/div>\n\t\t\t\t<\/div>\n\t\t\t\t\t<\/div>\n\t\t\t\t<\/div>\n\t\t\t\t<\/div>\n\t\t\t\t<\/div>\n\t\t","protected":false},"excerpt":{"rendered":"<p>NOTICIAS 28 December 2024 0 Comentarios C\u00f3mo Aprender Ingl\u00e9s de Negocios: Estrategias Efectivas para el Mundo Profesional El ingl\u00e9s de negocios es una herramienta indispensable para quienes desean expandir su carrera profesional en el \u00e1mbito global. Leer m\u00e1s 28 December 2024 0 Comentarios Exploring Diagnostic Surgery:\u00a0Unveiling the Unknown In the vast landscape of modern medicine, diagnostic surgery plays a crucial &hellip;<\/p>\n","protected":false},"author":1,"featured_media":0,"parent":0,"menu_order":0,"comment_status":"closed","ping_status":"closed","template":"blank-builder.php","meta":{"footnotes":""},"class_list":["post-860","page","type-page","status-publish","hentry"],"_links":{"self":[{"href":"https:\/\/orangecorp.mx\/egregor.io\/wp-json\/wp\/v2\/pages\/860","targetHints":{"allow":["GET"]}}],"collection":[{"href":"https:\/\/orangecorp.mx\/egregor.io\/wp-json\/wp\/v2\/pages"}],"about":[{"href":"https:\/\/orangecorp.mx\/egregor.io\/wp-json\/wp\/v2\/types\/page"}],"author":[{"embeddable":true,"href":"https:\/\/orangecorp.mx\/egregor.io\/wp-json\/wp\/v2\/users\/1"}],"replies":[{"embeddable":true,"href":"https:\/\/orangecorp.mx\/egregor.io\/wp-json\/wp\/v2\/comments?post=860"}],"version-history":[{"count":48,"href":"https:\/\/orangecorp.mx\/egregor.io\/wp-json\/wp\/v2\/pages\/860\/revisions"}],"predecessor-version":[{"id":5783,"href":"https:\/\/orangecorp.mx\/egregor.io\/wp-json\/wp\/v2\/pages\/860\/revisions\/5783"}],"wp:attachment":[{"href":"https:\/\/orangecorp.mx\/egregor.io\/wp-json\/wp\/v2\/media?parent=860"}],"curies":[{"name":"wp","href":"https:\/\/api.w.org\/{rel}","templated":true}]}}